{"id":180,"date":"2014-09-13T12:54:41","date_gmt":"2014-09-13T10:54:41","guid":{"rendered":"http:\/\/blummescherb.rheinhessenweb.de\/?page_id=180"},"modified":"2021-08-20T07:13:09","modified_gmt":"2021-08-20T05:13:09","slug":"impressum","status":"publish","type":"page","link":"https:\/\/www.blummescherb.de\/?page_id=180","title":{"rendered":"Impressum"},"content":{"rendered":"<p>Angaben gem\u00e4\u00df Teledienstgesetz<\/p>\n<p>Name und Anschrift:<br \/>\nMarkus Thur<br \/>\nAm Eisenborn 36<br \/>\n55291 Saulheim<br \/>\nTelefon: 06732-63154<\/p>\n<p>Design: www.rheinhessenweb.de<\/p>\n<p>Haftungshinweis:<\/p>\n<p>Trotz sorgf\u00e4ltiger inhaltlicher Kontrolle \u00fcbernehmen wir keine Haftung f\u00fcr die Inhalte externer Links. F\u00fcr die Inhalte der verlinkten Seiten sind ausschlie\u00dflich deren Betreiber verantwortlich.<\/p>\n<p>Wir bem\u00fchen uns, auf dieser Website nur vollst\u00e4ndige und richtige Informationen zu ver\u00f6ffentlichen, wir k\u00f6nnen jedoch keine Haftung oder Garantie f\u00fcr Aktualit\u00e4t, Richtigkeit und Vollst\u00e4ndigkeit der Informationen \u00fcbernehmen und behalten uns das Recht vor, \u00c4nderungen oder Erg\u00e4nzungen der angebotenen Informationen vorzunehmen.<\/p>\n<p>Lizenzrechtliche Hinweise:<\/p>\n<p>Die Inhalte dieser Webseite werden im Content Management System Drupal , das der GPL unterliegt verwaltet.<\/p>\n<p>Datenschutzerkl\u00e4rung<\/p>\n<p>Der Schutz Ihrer personenbezogenen Daten bei der Erhebung, Verarbeitung und Nutzung anl\u00e4sslich Ihres Besuchs auf unserer Homepage ist uns ein wichtiges Anliegen. Ihre Daten werden im Rahmen der gesetzlichen Vorschriften gesch\u00fctzt. Nachfolgend finden Sie Informationen, welche Daten w\u00e4hrend Ihres Besuchs auf der Homepage erfasst und wie diese genutzt werden:<\/p>\n<p>1. Erhebung und Verarbeitung von Daten<\/p>\n<p>Jeder Zugriff auf unsere Homepage und jeder Abruf einer auf der Homepage hinterlegten Datei werden protokolliert. Die Speicherung dient internen systembezogenen und statistischen Zwecken. Protokolliert werden: Name der abgerufenen Datei, Datum und Uhrzeit des Abrufs, \u00fcbertragene Datenmenge, Meldung \u00fcber erfolgreichen Abruf, Webbrowser und anfragende Domain.<\/p>\n<p>Zus\u00e4tzlich werden die IP Adressen der anfragenden Rechner protokolliert.<\/p>\n<p>Weitergehende personenbezogene Daten werden nur erfasst, wenn Sie diese Angaben freiwillig, etwa im Rahmen einer Anfrage oder Registrierung, machen.<\/p>\n<p>2. Nutzung und Weitergabe personenbezogener Daten<\/p>\n<p>Soweit Sie uns personenbezogene Daten zur Verf\u00fcgung gestellt haben, verwenden wir diese nur zur Beantwortung Ihrer Anfragen, zur Abwicklung mit Ihnen geschlossener Vertr\u00e4ge und f\u00fcr die technische Administration.<\/p>\n<p>Ihre personenbezogenen Daten werden an Dritte nur weitergegeben oder sonst \u00fcbermittelt, wenn dies zum Zwecke der Vertragsabwicklung \u2013 insbesondere Weitergabe von Bestelldaten an Lieferanten \u2013 erforderlich ist, dies zu Abrechnungszwecken erforderlich ist oder Sie zuvor eingewilligt haben. Sie haben das Recht, eine erteilte Einwilligung mit Wirkung f\u00fcr die Zukunft jederzeit zu widerrufen.<\/p>\n<p>Die L\u00f6schung der gespeicherten personenbezogenen Daten erfolgt, wenn Sie Ihre Einwilligung zur Speicherung widerrufen, wenn ihre Kenntnis zur Erf\u00fcllung des mit der Speicherung verfolgten Zwecks nicht mehr erforderlich ist oder wenn ihre Speicherung aus sonstigen gesetzlichen Gr\u00fcnden unzul\u00e4ssig ist.<\/p>\n<p>3. Auskunftsrecht<\/p>\n<p>Auf schriftliche Anfrage werden wir Sie gern \u00fcber die zu Ihrer Person gespeicherten Daten informieren.<\/p>\n<p>Sicherheitshinweis:<\/p>\n<p>Wir sind bem\u00fcht, Ihre personenbezogenen Daten durch Ergreifung aller technischen und organisatorischen M\u00f6glichkeiten so zu speichern, dass sie f\u00fcr Dritte nicht zug\u00e4nglich sind. Bei der Kommunikation per E Mail kann die vollst\u00e4ndige Datensicherheit von uns nicht gew\u00e4hrleistet werden, so dass wir Ihnen bei vertraulichen Informationen den Postweg empfehlen.<\/p>\n","protected":false},"excerpt":{"rendered":"<p>Angaben gem\u00e4\u00df Teledienstgesetz Name und Anschrift: Markus Thur Am Eisenborn 36 55291 Saulheim Telefon: 06732-63154 Design: www.rheinhessenweb.de Haftungshinweis: Trotz sorgf\u00e4ltiger inhaltlicher Kontrolle \u00fcbernehmen wir keine Haftung f\u00fcr die Inhalte externer Links. F\u00fcr die Inhalte der verlinkten Seiten sind ausschlie\u00dflich deren Betreiber verantwortlich. Wir bem\u00fchen uns, auf dieser Website nur vollst\u00e4ndige und richtige Informationen zu ver\u00f6ffentlichen, [&hellip;]<\/p>\n","protected":false},"author":1,"featured_media":0,"parent":0,"menu_order":0,"comment_status":"closed","ping_status":"closed","template":"","meta":[],"_links":{"self":[{"href":"https:\/\/www.blummescherb.de\/index.php?rest_route=\/wp\/v2\/pages\/180"}],"collection":[{"href":"https:\/\/www.blummescherb.de\/index.php?rest_route=\/wp\/v2\/pages"}],"about":[{"href":"https:\/\/www.blummescherb.de\/index.php?rest_route=\/wp\/v2\/types\/page"}],"author":[{"embeddable":true,"href":"https:\/\/www.blummescherb.de\/index.php?rest_route=\/wp\/v2\/users\/1"}],"replies":[{"embeddable":true,"href":"https:\/\/www.blummescherb.de\/index.php?rest_route=%2Fwp%2Fv2%2Fcomments&post=180"}],"version-history":[{"count":13,"href":"https:\/\/www.blummescherb.de\/index.php?rest_route=\/wp\/v2\/pages\/180\/revisions"}],"predecessor-version":[{"id":3216,"href":"https:\/\/www.blummescherb.de\/index.php?rest_route=\/wp\/v2\/pages\/180\/revisions\/3216"}],"wp:attachment":[{"href":"https:\/\/www.blummescherb.de\/index.php?rest_route=%2Fwp%2Fv2%2Fmedia&parent=180"}],"curies":[{"name":"wp","href":"https:\/\/api.w.org\/{rel}","templated":true}]}}